{"id":5409,"date":"2025-04-07T20:14:13","date_gmt":"2025-04-07T18:14:13","guid":{"rendered":"https:\/\/radolfzell1200.de\/decouvrir-vivre\/montrez-moi-lapplication\/"},"modified":"2025-10-26T16:53:55","modified_gmt":"2025-10-26T15:53:55","slug":"montrez-moi-lapplication","status":"publish","type":"page","link":"https:\/\/radolfzell1200.de\/fr\/decouvrir-vivre\/montrez-moi-lapplication\/","title":{"rendered":"Montrez-moi l&rsquo;application"},"content":{"rendered":"<p>&nbsp;<\/p>\n<p>Radolfzell regorge de b\u00e2timents historiques importants, comme la cath\u00e9drale, le petit ch\u00e2teau autrichien ou le b\u00e2timent de la mairie &#8211; partout, il y a des histoires passionnantes \u00e0 d\u00e9couvrir. Pour tous ceux qui souhaitent en savoir plus sur ce qui s&rsquo;est pass\u00e9 dans le pass\u00e9 dans ces lieux particuliers, il existe l&rsquo;application \u00ab\u00a0zeigmal\u00a0\u00bb. Radolfzell est m\u00eame une ville pilote pour cette application innovante ! D\u00e9velopp\u00e9e par quatre anciens \u00e9tudiants de la Hochschule f\u00fcr Technik, Wirtschaft und Gestaltung (HTWG), l&rsquo;application fait en sorte que votre t\u00e9l\u00e9phone portable vous signale r\u00e9guli\u00e8rement des lieux int\u00e9ressants. Un signal sonore vous avertit d\u00e8s que vous vous trouvez devant un lieu historique. L&rsquo;application fonctionne avec la r\u00e9alit\u00e9 augment\u00e9e : Vous pouvez pointer la cam\u00e9ra de votre t\u00e9l\u00e9phone sur une rang\u00e9e de maisons et, au m\u00eame moment, une image historique du d\u00e9cor appara\u00eet sur votre \u00e9cran. Vous pouvez ainsi explorer les environs de mani\u00e8re intuitive et visuelle et voir \u00e0 quoi ressemblaient les lieux il y a de nombreuses ann\u00e9es. Jusqu&rsquo;\u00e0 pr\u00e9sent, 30 lieux diff\u00e9rents sont d\u00e9j\u00e0 int\u00e9gr\u00e9s dans l&rsquo;application \u00e0 Radolfzell. En outre, vous pouvez \u00e9galement obtenir des informations audio sur les lieux via des dialogues de type podcast &#8211; ce qui rend l&rsquo;exploration encore plus vivante !        <\/p>\n<p>Cerise sur le g\u00e2teau : l&rsquo;utilisation de l&rsquo;application \u00ab\u00a0zeigmal\u00a0\u00bb est gratuite et peut \u00eatre t\u00e9l\u00e9charg\u00e9e dans tous les magasins d&rsquo;applications courants. Avant son lancement officiel, l&rsquo;application a m\u00eame \u00e9t\u00e9 r\u00e9compens\u00e9e par le prix \u00ab\u00a0Jeunes innovateurs\u00a0\u00bb du minist\u00e8re des Sciences, de la Recherche et des Arts du Bade-Wurtemberg. <\/p>\n<p>T\u00e9l\u00e9chargez et lancez l&rsquo;application gratuitement et sans inscription d\u00e8s maintenant !<br \/>\nIOS <a href=\"https:\/\/apps.apple.com\/de\/app\/zeigmal\/id1670008708\" target=\"_blank\" rel=\"noopener\">:<\/a> https:\/\/apps.apple.com\/de\/app\/zeigmal\/id1670008708<br \/>\nAndroid <a href=\"https:\/\/play.google.com\/store\/apps\/details?id=com.zeigmal.digital.app&amp;gl=DE&amp;fbclid=IwAR3HG-RR1zfg2tAfHfxdPi8SP4cCE94hIF53KMZAPCNrutB1fl03BwXitDE\" target=\"_blank\" rel=\"noopener\">: https:\/\/play.google.com\/store\/apps\/details&#8230;<\/a><\/p>\n<p>Pour plus d&rsquo;informations sur l&rsquo;application <a href=\"https:\/\/www.zeigmal.digital\/?fbclid=IwAR1wqjnvr_HQXVJRKEvkwE8uZrAS05bwo3Zo5o3jQ8zskiWFq3O3pf_7a7M\" target=\"_blank\" rel=\"noopener\">: https:\/\/www.zeigmal.digital\/<\/a><\/p>\n","protected":false},"excerpt":{"rendered":"<p>&nbsp; Radolfzell regorge de b\u00e2timents historiques importants, comme la cath\u00e9drale, le petit ch\u00e2teau autrichien ou le b\u00e2timent de la mairie [&hellip;]<\/p>\n","protected":false},"author":1,"featured_media":0,"parent":5401,"menu_order":0,"comment_status":"closed","ping_status":"closed","template":"page-layout1.php","meta":{"_price":"","_stock":"","_tribe_ticket_header":"","_tribe_default_ticket_provider":"","_ticket_start_date":"","_ticket_end_date":"","_tribe_ticket_show_description":"","_tribe_ticket_show_not_going":false,"_tribe_ticket_use_global_stock":"","_tribe_ticket_global_stock_level":"","_global_stock_mode":"","_global_stock_cap":"","_tribe_rsvp_for_event":"","_tribe_ticket_going_count":"","_tribe_ticket_not_going_count":"","_tribe_tickets_list":"[]","_tribe_ticket_has_attendee_info_fields":false,"footnotes":""},"class_list":["post-5409","page","type-page","status-publish","hentry","page_tag-buergerprojekt","page_tag-buergerprojekte2026","page_tag-highlight-veranstaltungen","page_tag-highlight2026","page_tag-stadtjubilaeum","page_tag-stadtjubilaeum-2026"],"yoast_head":"<!-- This site is optimized with the Yoast SEO plugin v26.7 - https:\/\/yoast.com\/wordpress\/plugins\/seo\/ -->\n<title>Montrez-moi l&#039;application - Stadtjubil\u00e4um Radolfzell<\/title>\n<meta name=\"description\" content=\"L&#039;application vous permet de d\u00e9couvrir Radolfzell sous un nouveau jour ! Vous recevrez des histoires de nos guides, vous d\u00e9couvrirez des lieux historiques et bien plus encore !\" \/>\n<meta name=\"robots\" content=\"index, follow, max-snippet:-1, max-image-preview:large, max-video-preview:-1\" \/>\n<link rel=\"canonical\" href=\"https:\/\/radolfzell1200.de\/fr\/decouvrir-vivre\/montrez-moi-lapplication\/\" \/>\n<meta property=\"og:locale\" content=\"fr_FR\" \/>\n<meta property=\"og:type\" content=\"article\" \/>\n<meta property=\"og:title\" content=\"Montrez-moi l&#039;application - Stadtjubil\u00e4um Radolfzell\" \/>\n<meta property=\"og:description\" content=\"L&#039;application vous permet de d\u00e9couvrir Radolfzell sous un nouveau jour ! Vous recevrez des histoires de nos guides, vous d\u00e9couvrirez des lieux historiques et bien plus encore !\" \/>\n<meta property=\"og:url\" content=\"https:\/\/radolfzell1200.de\/fr\/decouvrir-vivre\/montrez-moi-lapplication\/\" \/>\n<meta property=\"og:site_name\" content=\"Stadtjubil\u00e4um Radolfzell\" \/>\n<meta property=\"article:modified_time\" content=\"2025-10-26T15:53:55+00:00\" \/>\n<meta name=\"twitter:card\" content=\"summary_large_image\" \/>\n<meta name=\"twitter:label1\" content=\"Dur\u00e9e de lecture estim\u00e9e\" \/>\n\t<meta name=\"twitter:data1\" content=\"2 minutes\" \/>\n<script type=\"application\/ld+json\" class=\"yoast-schema-graph\">{\"@context\":\"https:\/\/schema.org\",\"@graph\":[{\"@type\":\"WebPage\",\"@id\":\"https:\/\/radolfzell1200.de\/fr\/decouvrir-vivre\/montrez-moi-lapplication\/\",\"url\":\"https:\/\/radolfzell1200.de\/fr\/decouvrir-vivre\/montrez-moi-lapplication\/\",\"name\":\"Montrez-moi l'application - Stadtjubil\u00e4um Radolfzell\",\"isPartOf\":{\"@id\":\"https:\/\/radolfzell1200.de\/fr\/#website\"},\"datePublished\":\"2025-04-07T18:14:13+00:00\",\"dateModified\":\"2025-10-26T15:53:55+00:00\",\"description\":\"L'application vous permet de d\u00e9couvrir Radolfzell sous un nouveau jour ! Vous recevrez des histoires de nos guides, vous d\u00e9couvrirez des lieux historiques et bien plus encore !\",\"breadcrumb\":{\"@id\":\"https:\/\/radolfzell1200.de\/fr\/decouvrir-vivre\/montrez-moi-lapplication\/#breadcrumb\"},\"inLanguage\":\"fr-FR\",\"potentialAction\":[{\"@type\":\"ReadAction\",\"target\":[\"https:\/\/radolfzell1200.de\/fr\/decouvrir-vivre\/montrez-moi-lapplication\/\"]}]},{\"@type\":\"BreadcrumbList\",\"@id\":\"https:\/\/radolfzell1200.de\/fr\/decouvrir-vivre\/montrez-moi-lapplication\/#breadcrumb\",\"itemListElement\":[{\"@type\":\"ListItem\",\"position\":1,\"name\":\"Startseite\",\"item\":\"https:\/\/radolfzell1200.de\/fr\/page-daccueil\/\"},{\"@type\":\"ListItem\",\"position\":2,\"name\":\"D\u00e9couvrir &amp; vivre\",\"item\":\"https:\/\/radolfzell1200.de\/fr\/decouvrir-vivre\/\"},{\"@type\":\"ListItem\",\"position\":3,\"name\":\"Montrez-moi l&#8217;application\"}]},{\"@type\":\"WebSite\",\"@id\":\"https:\/\/radolfzell1200.de\/fr\/#website\",\"url\":\"https:\/\/radolfzell1200.de\/fr\/\",\"name\":\"Stadtjubil\u00e4um Radolfzell\",\"description\":\"Kultur Radolfzell Website\",\"potentialAction\":[{\"@type\":\"SearchAction\",\"target\":{\"@type\":\"EntryPoint\",\"urlTemplate\":\"https:\/\/radolfzell1200.de\/fr\/?s={search_term_string}\"},\"query-input\":{\"@type\":\"PropertyValueSpecification\",\"valueRequired\":true,\"valueName\":\"search_term_string\"}}],\"inLanguage\":\"fr-FR\"}]}<\/script>\n<!-- \/ Yoast SEO plugin. -->","yoast_head_json":{"title":"Montrez-moi l'application - Stadtjubil\u00e4um Radolfzell","description":"L'application vous permet de d\u00e9couvrir Radolfzell sous un nouveau jour ! Vous recevrez des histoires de nos guides, vous d\u00e9couvrirez des lieux historiques et bien plus encore !","robots":{"index":"index","follow":"follow","max-snippet":"max-snippet:-1","max-image-preview":"max-image-preview:large","max-video-preview":"max-video-preview:-1"},"canonical":"https:\/\/radolfzell1200.de\/fr\/decouvrir-vivre\/montrez-moi-lapplication\/","og_locale":"fr_FR","og_type":"article","og_title":"Montrez-moi l'application - Stadtjubil\u00e4um Radolfzell","og_description":"L'application vous permet de d\u00e9couvrir Radolfzell sous un nouveau jour ! Vous recevrez des histoires de nos guides, vous d\u00e9couvrirez des lieux historiques et bien plus encore !","og_url":"https:\/\/radolfzell1200.de\/fr\/decouvrir-vivre\/montrez-moi-lapplication\/","og_site_name":"Stadtjubil\u00e4um Radolfzell","article_modified_time":"2025-10-26T15:53:55+00:00","twitter_card":"summary_large_image","twitter_misc":{"Dur\u00e9e de lecture estim\u00e9e":"2 minutes"},"schema":{"@context":"https:\/\/schema.org","@graph":[{"@type":"WebPage","@id":"https:\/\/radolfzell1200.de\/fr\/decouvrir-vivre\/montrez-moi-lapplication\/","url":"https:\/\/radolfzell1200.de\/fr\/decouvrir-vivre\/montrez-moi-lapplication\/","name":"Montrez-moi l'application - Stadtjubil\u00e4um Radolfzell","isPartOf":{"@id":"https:\/\/radolfzell1200.de\/fr\/#website"},"datePublished":"2025-04-07T18:14:13+00:00","dateModified":"2025-10-26T15:53:55+00:00","description":"L'application vous permet de d\u00e9couvrir Radolfzell sous un nouveau jour ! Vous recevrez des histoires de nos guides, vous d\u00e9couvrirez des lieux historiques et bien plus encore !","breadcrumb":{"@id":"https:\/\/radolfzell1200.de\/fr\/decouvrir-vivre\/montrez-moi-lapplication\/#breadcrumb"},"inLanguage":"fr-FR","potentialAction":[{"@type":"ReadAction","target":["https:\/\/radolfzell1200.de\/fr\/decouvrir-vivre\/montrez-moi-lapplication\/"]}]},{"@type":"BreadcrumbList","@id":"https:\/\/radolfzell1200.de\/fr\/decouvrir-vivre\/montrez-moi-lapplication\/#breadcrumb","itemListElement":[{"@type":"ListItem","position":1,"name":"Startseite","item":"https:\/\/radolfzell1200.de\/fr\/page-daccueil\/"},{"@type":"ListItem","position":2,"name":"D\u00e9couvrir &amp; vivre","item":"https:\/\/radolfzell1200.de\/fr\/decouvrir-vivre\/"},{"@type":"ListItem","position":3,"name":"Montrez-moi l&#8217;application"}]},{"@type":"WebSite","@id":"https:\/\/radolfzell1200.de\/fr\/#website","url":"https:\/\/radolfzell1200.de\/fr\/","name":"Stadtjubil\u00e4um Radolfzell","description":"Kultur Radolfzell Website","potentialAction":[{"@type":"SearchAction","target":{"@type":"EntryPoint","urlTemplate":"https:\/\/radolfzell1200.de\/fr\/?s={search_term_string}"},"query-input":{"@type":"PropertyValueSpecification","valueRequired":true,"valueName":"search_term_string"}}],"inLanguage":"fr-FR"}]}},"_links":{"self":[{"href":"https:\/\/radolfzell1200.de\/fr\/wp-json\/wp\/v2\/pages\/5409","targetHints":{"allow":["GET"]}}],"collection":[{"href":"https:\/\/radolfzell1200.de\/fr\/wp-json\/wp\/v2\/pages"}],"about":[{"href":"https:\/\/radolfzell1200.de\/fr\/wp-json\/wp\/v2\/types\/page"}],"author":[{"embeddable":true,"href":"https:\/\/radolfzell1200.de\/fr\/wp-json\/wp\/v2\/users\/1"}],"replies":[{"embeddable":true,"href":"https:\/\/radolfzell1200.de\/fr\/wp-json\/wp\/v2\/comments?post=5409"}],"version-history":[{"count":1,"href":"https:\/\/radolfzell1200.de\/fr\/wp-json\/wp\/v2\/pages\/5409\/revisions"}],"predecessor-version":[{"id":6205,"href":"https:\/\/radolfzell1200.de\/fr\/wp-json\/wp\/v2\/pages\/5409\/revisions\/6205"}],"up":[{"embeddable":true,"href":"https:\/\/radolfzell1200.de\/fr\/wp-json\/wp\/v2\/pages\/5401"}],"wp:attachment":[{"href":"https:\/\/radolfzell1200.de\/fr\/wp-json\/wp\/v2\/media?parent=5409"}],"curies":[{"name":"wp","href":"https:\/\/api.w.org\/{rel}","templated":true}]}}